{"id":2540,"date":"2023-12-05T14:08:10","date_gmt":"2023-12-05T14:08:10","guid":{"rendered":"https:\/\/www.osmiorniczka.net\/plywanie\/?page_id=2540"},"modified":"2023-12-05T14:08:52","modified_gmt":"2023-12-05T14:08:52","slug":"julka","status":"publish","type":"page","link":"https:\/\/www.osmiorniczka.net\/plywanie\/julka\/","title":{"rendered":"Julka"},"content":{"rendered":"\t\t<div data-elementor-type=\"wp-page\" data-elementor-id=\"2540\" class=\"elementor elementor-2540\">\n\t\t\t\t\t\t<section class=\"elementor-section elementor-top-section elementor-element elementor-element-4cda1d08 elementor-section-boxed elementor-section-height-default elementor-section-height-default\" data-id=\"4cda1d08\" data-element_type=\"section\">\n\t\t\t\t\t\t<div class=\"elementor-container elementor-column-gap-default\">\n\t\t\t\t\t<div class=\"elementor-column elementor-col-100 elementor-top-column elementor-element elementor-element-779c54e5\" data-id=\"779c54e5\" data-element_type=\"column\">\n\t\t\t<div class=\"elementor-widget-wrap elementor-element-populated\">\n\t\t\t\t\t\t<section class=\"elementor-section elementor-inner-section elementor-element elementor-element-ec3dbcc elementor-section-boxed elementor-section-height-default elementor-section-height-default\" data-id=\"ec3dbcc\" data-element_type=\"section\">\n\t\t\t\t\t\t<div class=\"elementor-container elementor-column-gap-default\">\n\t\t\t\t\t<div class=\"elementor-column elementor-col-50 elementor-inner-column elementor-element elementor-element-4d98f47\" data-id=\"4d98f47\" data-element_type=\"column\">\n\t\t\t<div class=\"elementor-widget-wrap elementor-element-populated\">\n\t\t\t\t\t\t<div class=\"elementor-element elementor-element-ca79e56 elementor-widget elementor-widget-image\" data-id=\"ca79e56\" data-element_type=\"widget\" data-widget_type=\"image.default\">\n\t\t\t\t<div class=\"elementor-widget-container\">\n\t\t\t\t\t\t\t\t\t\t\t\t\t\t\t<img fetchpriority=\"high\" decoding=\"async\" width=\"480\" height=\"677\" src=\"https:\/\/www.osmiorniczka.net\/plywanie\/wp-content\/uploads\/2023\/12\/7-480x677.png\" class=\"attachment-sydney-mas-thumb size-sydney-mas-thumb wp-image-2428\" alt=\"\" srcset=\"https:\/\/www.osmiorniczka.net\/plywanie\/wp-content\/uploads\/2023\/12\/7-480x677.png 480w, https:\/\/www.osmiorniczka.net\/plywanie\/wp-content\/uploads\/2023\/12\/7-213x300.png 213w, https:\/\/www.osmiorniczka.net\/plywanie\/wp-content\/uploads\/2023\/12\/7-726x1024.png 726w, https:\/\/www.osmiorniczka.net\/plywanie\/wp-content\/uploads\/2023\/12\/7-768x1083.png 768w, https:\/\/www.osmiorniczka.net\/plywanie\/wp-content\/uploads\/2023\/12\/7-1090x1536.png 1090w, https:\/\/www.osmiorniczka.net\/plywanie\/wp-content\/uploads\/2023\/12\/7-1000x1410.png 1000w, https:\/\/www.osmiorniczka.net\/plywanie\/wp-content\/uploads\/2023\/12\/7-230x324.png 230w, https:\/\/www.osmiorniczka.net\/plywanie\/wp-content\/uploads\/2023\/12\/7-350x493.png 350w, https:\/\/www.osmiorniczka.net\/plywanie\/wp-content\/uploads\/2023\/12\/7.png 1240w\" sizes=\"(max-width: 480px) 100vw, 480px\" \/>\t\t\t\t\t\t\t\t\t\t\t\t\t\t\t<\/div>\n\t\t\t\t<\/div>\n\t\t\t\t\t<\/div>\n\t\t<\/div>\n\t\t\t\t<div class=\"elementor-column elementor-col-50 elementor-inner-column elementor-element elementor-element-5852251\" data-id=\"5852251\" data-element_type=\"column\">\n\t\t\t<div class=\"elementor-widget-wrap elementor-element-populated\">\n\t\t\t\t\t\t<div class=\"elementor-element elementor-element-c9e0dd9 elementor-widget elementor-widget-text-editor\" data-id=\"c9e0dd9\" data-element_type=\"widget\" data-widget_type=\"text-editor.default\">\n\t\t\t\t<div class=\"elementor-widget-container\">\n\t\t\t\t\t\t\t\t\t<h1><strong>Julka<\/strong><\/h1>\t\t\t\t\t\t\t\t<\/div>\n\t\t\t\t<\/div>\n\t\t\t\t<div class=\"elementor-element elementor-element-99b5a60 elementor-widget elementor-widget-text-editor\" data-id=\"99b5a60\" data-element_type=\"widget\" data-widget_type=\"text-editor.default\">\n\t\t\t\t<div class=\"elementor-widget-container\">\n\t\t\t\t\t\t\t\t\t<div class=\"x11i5rnm xat24cr x1mh8g0r x1vvkbs xtlvy1s x126k92a\"><div dir=\"auto\"><div class=\"xdj266r x11i5rnm xat24cr x1mh8g0r x1vvkbs x126k92a\"><div dir=\"auto\"><div dir=\"auto\"><div class=\"xdj266r x11i5rnm xat24cr x1mh8g0r x1vvkbs x126k92a\"><div dir=\"auto\"><div class=\"xdj266r x11i5rnm xat24cr x1mh8g0r x1vvkbs x126k92a\"><div dir=\"auto\"><strong>Julia Szatanek z wykszta\u0142cenia jest Magistrem bezpiecze\u0144stwa wewn\u0119trznego specjalizacji taktyki i techniki kryminalnej <span class=\"x3nfvp2 x1j61x8r x1fcty0u xdj266r xhhsvwb xat24cr xgzva0m xxymvpz xlup9mm x1kky2od\"><img decoding=\"async\" class=\"xz74otr\" src=\"https:\/\/static.xx.fbcdn.net\/images\/emoji.php\/v9\/ta6\/1\/16\/1f575_1f3fb.png\" alt=\"\ud83d\udd75\ud83c\udffb\" width=\"16\" height=\"16\" \/><\/span><\/strong><\/div><div dir=\"auto\"><strong>a z zami\u0142owania od wielu lat pracuje z dzie\u0107mi jako instruktor p\u0142ywania <span class=\"x3nfvp2 x1j61x8r x1fcty0u xdj266r xhhsvwb xat24cr xgzva0m xxymvpz xlup9mm x1kky2od\"><img decoding=\"async\" class=\"xz74otr\" src=\"https:\/\/static.xx.fbcdn.net\/images\/emoji.php\/v9\/t74\/1\/16\/1f419.png\" alt=\"\ud83d\udc19\" width=\"16\" height=\"16\" \/><\/span> i wychowawca kolonijny<span class=\"x3nfvp2 x1j61x8r x1fcty0u xdj266r xhhsvwb xat24cr xgzva0m xxymvpz xlup9mm x1kky2od\"><img loading=\"lazy\" decoding=\"async\" class=\"xz74otr\" src=\"https:\/\/static.xx.fbcdn.net\/images\/emoji.php\/v9\/t79\/1\/16\/1f9dc_1f3fb_200d_2640.png\" alt=\"\ud83e\udddc\ud83c\udffb\u200d\u2640\ufe0f\" width=\"16\" height=\"16\" \/><\/span><\/strong><\/div><div dir=\"auto\">\u00a0<\/div><div dir=\"auto\"><strong>Julii otwarto\u015b\u0107 i ch\u0119\u0107 poznawania ludzi sprawi\u0142y \u017ce obecnie studiuje rownie\u017c psychologi\u0119<span class=\"x3nfvp2 x1j61x8r x1fcty0u xdj266r xhhsvwb xat24cr xgzva0m xxymvpz xlup9mm x1kky2od\"><img loading=\"lazy\" decoding=\"async\" class=\"xz74otr\" src=\"https:\/\/static.xx.fbcdn.net\/images\/emoji.php\/v9\/t49\/1\/16\/1f4da.png\" alt=\"\ud83d\udcda\" width=\"16\" height=\"16\" \/><\/span><span class=\"x3nfvp2 x1j61x8r x1fcty0u xdj266r xhhsvwb xat24cr xgzva0m xxymvpz xlup9mm x1kky2od\"><img loading=\"lazy\" decoding=\"async\" class=\"xz74otr\" src=\"https:\/\/static.xx.fbcdn.net\/images\/emoji.php\/v9\/t7c\/1\/16\/1f9e0.png\" alt=\"\ud83e\udde0\" width=\"16\" height=\"16\" \/><\/span><\/strong><\/div><div dir=\"auto\">\u00a0<\/div><\/div><div class=\"x11i5rnm xat24cr x1mh8g0r x1vvkbs xtlvy1s x126k92a\"><div dir=\"auto\"><strong>Juli\u0119 mo\u017cecie pozna\u0107 jako bardzo energetyczn\u0105 i radosn\u0105 osob\u0119, jej oddanie i pasj\u0119 w pracy wida\u0107 na zaj\u0119ciach i u\u015bmiecha\u0107 dzieci <span class=\"x3nfvp2 x1j61x8r x1fcty0u xdj266r xhhsvwb xat24cr xgzva0m xxymvpz xlup9mm x1kky2od\"><img loading=\"lazy\" decoding=\"async\" class=\"xz74otr\" src=\"https:\/\/static.xx.fbcdn.net\/images\/emoji.php\/v9\/te6\/1\/16\/1f476_1f3fb.png\" alt=\"\ud83d\udc76\ud83c\udffb\" width=\"16\" height=\"16\" \/><\/span><span class=\"x3nfvp2 x1j61x8r x1fcty0u xdj266r xhhsvwb xat24cr xgzva0m xxymvpz xlup9mm x1kky2od\"><img loading=\"lazy\" decoding=\"async\" class=\"xz74otr\" src=\"https:\/\/static.xx.fbcdn.net\/images\/emoji.php\/v9\/t7f\/1\/16\/1f60a.png\" alt=\"\ud83d\ude0a\" width=\"16\" height=\"16\" \/><\/span><\/strong><\/div><\/div><div class=\"x11i5rnm xat24cr x1mh8g0r x1vvkbs xtlvy1s x126k92a\"><div dir=\"auto\"><strong>Dobra zabawa i bezpiecze\u0144stwo to dla niej podstawa, jest ratownikiem <span class=\"x3nfvp2 x1j61x8r x1fcty0u xdj266r xhhsvwb xat24cr xgzva0m xxymvpz xlup9mm x1kky2od\"><img loading=\"lazy\" decoding=\"async\" class=\"xz74otr\" src=\"https:\/\/static.xx.fbcdn.net\/images\/emoji.php\/v9\/t50\/1\/16\/1f6df.png\" alt=\"\ud83d\udedf\" width=\"16\" height=\"16\" \/><\/span> ze sporym do\u015bwiadczeniem na basenach, k\u0105pieliskach i morzu<span class=\"x3nfvp2 x1j61x8r x1fcty0u xdj266r xhhsvwb xat24cr xgzva0m xxymvpz xlup9mm x1kky2od\"><img loading=\"lazy\" decoding=\"async\" class=\"xz74otr\" src=\"https:\/\/static.xx.fbcdn.net\/images\/emoji.php\/v9\/tbc\/1\/16\/1f30a.png\" alt=\"\ud83c\udf0a\" width=\"16\" height=\"16\" \/><\/span><\/strong><\/div><div dir=\"auto\"><strong>Jej zami\u0142owanie do p\u0142ywania zacz\u0119\u0142o si\u0119 bardzo wcze\u015bnie i zaowocowa\u0142o godnymi pochwa\u0142y osi\u0105gni\u0119ciami, Julia jest mi\u0119dzy innymi<\/strong><strong><span class=\"x3nfvp2 x1j61x8r x1fcty0u xdj266r xhhsvwb xat24cr xgzva0m xxymvpz xlup9mm x1kky2od\"><img loading=\"lazy\" decoding=\"async\" class=\"xz74otr\" src=\"https:\/\/static.xx.fbcdn.net\/images\/emoji.php\/v9\/t3d\/1\/16\/1f3c5.png\" alt=\"\ud83c\udfc5\" width=\"16\" height=\"16\" \/><\/span>Wielokrotn\u0105 medalist\u0105 Mistrzostw Polski<\/strong><\/div><div dir=\"auto\"><strong>I wiele razy startowa\u0142a jako reprezentacja kadry narodowej <span class=\"x3nfvp2 x1j61x8r x1fcty0u xdj266r xhhsvwb xat24cr xgzva0m xxymvpz xlup9mm x1kky2od\"><img loading=\"lazy\" decoding=\"async\" class=\"xz74otr\" src=\"https:\/\/static.xx.fbcdn.net\/images\/emoji.php\/v9\/te0\/1\/16\/1f1f5_1f1f1.png\" alt=\"\ud83c\uddf5\ud83c\uddf1\" width=\"16\" height=\"16\" \/><\/span>Np. w Grecji, Belgradzie<\/strong><\/div><div dir=\"auto\">\u00a0<\/div><\/div><div class=\"x11i5rnm xat24cr x1mh8g0r x1vvkbs xtlvy1s x126k92a\"><div dir=\"auto\"><strong>Przesz\u0142a r\u00f3wnie\u017c szkolenie na opiekuna w \u017c\u0142obku, gdzie pracowa\u0142a z maluszkami od pierwszych tygodni \u017cycia<span class=\"x3nfvp2 x1j61x8r x1fcty0u xdj266r xhhsvwb xat24cr xgzva0m xxymvpz xlup9mm x1kky2od\"><img loading=\"lazy\" decoding=\"async\" class=\"xz74otr\" src=\"https:\/\/static.xx.fbcdn.net\/images\/emoji.php\/v9\/te6\/1\/16\/1f476_1f3fb.png\" alt=\"\ud83d\udc76\ud83c\udffb\" width=\"16\" height=\"16\" \/><\/span><\/strong><\/div><\/div><div class=\"x11i5rnm xat24cr x1mh8g0r x1vvkbs xtlvy1s x126k92a\"><div dir=\"auto\"><strong>W wolnych chwilach uwielbia wybiera\u0107 sie do lasu <span class=\"x3nfvp2 x1j61x8r x1fcty0u xdj266r xhhsvwb xat24cr xgzva0m xxymvpz xlup9mm x1kky2od\"><img loading=\"lazy\" decoding=\"async\" class=\"xz74otr\" src=\"https:\/\/static.xx.fbcdn.net\/images\/emoji.php\/v9\/t6b\/1\/16\/1f333.png\" alt=\"\ud83c\udf33\" width=\"16\" height=\"16\" \/><\/span> i biega\u0107,chodzi\u0107 na si\u0142ownie<\/strong><\/div><\/div><\/div><\/div><\/div><\/div><\/div><\/div><\/div>\t\t\t\t\t\t\t\t<\/div>\n\t\t\t\t<\/div>\n\t\t\t\t\t<\/div>\n\t\t<\/div>\n\t\t\t\t\t<\/div>\n\t\t<\/section>\n\t\t\t\t\t<\/div>\n\t\t<\/div>\n\t\t\t\t\t<\/div>\n\t\t<\/section>\n\t\t\t\t<section class=\"elementor-section elementor-top-section elementor-element elementor-element-2eaba41 elementor-section-boxed elementor-section-height-default elementor-section-height-default\" data-id=\"2eaba41\" data-element_type=\"section\">\n\t\t\t\t\t\t<div class=\"elementor-container elementor-column-gap-default\">\n\t\t\t\t\t<div class=\"elementor-column elementor-col-100 elementor-top-column elementor-element elementor-element-8c929ed\" data-id=\"8c929ed\" data-element_type=\"column\">\n\t\t\t<div class=\"elementor-widget-wrap\">\n\t\t\t\t\t\t\t<\/div>\n\t\t<\/div>\n\t\t\t\t\t<\/div>\n\t\t<\/section>\n\t\t\t\t<\/div>\n\t\t","protected":false},"excerpt":{"rendered":"<p>Julka Julia Szatanek z wykszta\u0142cenia jest Magistrem bezpiecze\u0144stwa wewn\u0119trznego specjalizacji taktyki i techniki kryminalnej a z zami\u0142owania od wielu lat pracuje z [&hellip;]<\/p>\n","protected":false},"author":1,"featured_media":0,"parent":0,"menu_order":0,"comment_status":"closed","ping_status":"closed","template":"elementor_header_footer","meta":{"footnotes":""},"class_list":["post-2540","page","type-page","status-publish","hentry"],"_links":{"self":[{"href":"https:\/\/www.osmiorniczka.net\/plywanie\/wp-json\/wp\/v2\/pages\/2540","targetHints":{"allow":["GET"]}}],"collection":[{"href":"https:\/\/www.osmiorniczka.net\/plywanie\/wp-json\/wp\/v2\/pages"}],"about":[{"href":"https:\/\/www.osmiorniczka.net\/plywanie\/wp-json\/wp\/v2\/types\/page"}],"author":[{"embeddable":true,"href":"https:\/\/www.osmiorniczka.net\/plywanie\/wp-json\/wp\/v2\/users\/1"}],"replies":[{"embeddable":true,"href":"https:\/\/www.osmiorniczka.net\/plywanie\/wp-json\/wp\/v2\/comments?post=2540"}],"version-history":[{"count":5,"href":"https:\/\/www.osmiorniczka.net\/plywanie\/wp-json\/wp\/v2\/pages\/2540\/revisions"}],"predecessor-version":[{"id":2545,"href":"https:\/\/www.osmiorniczka.net\/plywanie\/wp-json\/wp\/v2\/pages\/2540\/revisions\/2545"}],"wp:attachment":[{"href":"https:\/\/www.osmiorniczka.net\/plywanie\/wp-json\/wp\/v2\/media?parent=2540"}],"curies":[{"name":"wp","href":"https:\/\/api.w.org\/{rel}","templated":true}]}}