{"id":1675,"date":"2016-08-01T14:32:09","date_gmt":"2016-08-01T14:32:09","guid":{"rendered":"http:\/\/finance.bold-themes.com\/main-demo\/?page_id=1675"},"modified":"2025-08-04T09:39:05","modified_gmt":"2025-08-04T09:39:05","slug":"kontakt","status":"publish","type":"page","link":"https:\/\/www.osmiorniczka.net\/obozy\/kontakt\/","title":{"rendered":"Kontakt"},"content":{"rendered":"<section id=\"bt_section69ce78d17ecb0\"  class=\"boldSection topSemiSpaced bottomSpaced gutter inherit\" ><div class=\"port\"><div class=\"boldCell\"><div class=\"boldCellInner\"><div class=\"boldRow \" ><div class=\"boldRowInner\"><div class=\"rowItem col-md-6 col-sm-12 btTextLeft btTopVertical btTextIndent\" style=\"min-height: 500px;\" data-width=\"6\"><div class=\"rowItemContent\" ><div class=\"servicesItem  btServicesAccent1 btIcoLargeSizeIcon \"><div class=\"sIcon\"><span class=\"btIco btIcoLargeSize btIcoFilledType btAccent1Icon\"><span  data-ico-od=\"&#xe9ba;\" class=\"btIcoHolder\"><\/span><\/span><\/div><div class=\"sTxt\"><header class=\"header btClear small\" ><div class=\"dash\"><h4><span class=\"headline\">BIURO<\/span><\/h4><\/div><div class=\"btSubTitle\">Teofila Starzy\u0144skiego 9A, Szczecin<\/div><\/header><\/div><\/div><div class=\"btClear btSeparator bottomSemiSpaced noBorder\" ><hr><\/div><div class=\"servicesItem  btServicesAccent2 btIcoLargeSizeIcon \"><div class=\"sIcon\"><span class=\"btIco btIcoLargeSize btIcoFilledType btAccent2Icon\"><a href=\"tel:500053303\" target=\"_self\" data-ico-of=\"&#xe93e;\" class=\"btIcoHolder\"><\/a><\/span><\/div><div class=\"sTxt\"><header class=\"header btClear small\" ><div class=\"dash\"><h4><span class=\"headline\">TELEFON<\/span><\/h4><\/div><div class=\"btSubTitle\">500 053 303<\/div><\/header><\/div><\/div><div class=\"btClear btSeparator bottomSemiSpaced noBorder\" ><hr><\/div><div class=\"servicesItem  btServicesAccent3 btIcoLargeSizeIcon \"><div class=\"sIcon\"><span class=\"btIco btIcoLargeSize btIcoFilledType btAccent3Icon\"><a href=\"mailto:turystyka@osmiorniczka.net\" target=\"_self\" data-ico-ed=\"&#xea49;\" class=\"btIcoHolder\"><\/a><\/span><\/div><div class=\"sTxt\"><header class=\"header btClear small\" ><div class=\"dash\"><h4><span class=\"headline\">EMAIL<\/span><\/h4><\/div><div class=\"btSubTitle\">turystyka@osmiorniczka.net<\/div><\/header><\/div><\/div><div class=\"btClear btSeparator bottomSemiSpaced noBorder\" ><hr><\/div><div class=\"servicesItem  btServicesAccent4 btIcoLargeSizeIcon \"><div class=\"sIcon\"><span class=\"btIco btIcoLargeSize btIcoFilledType btAccent4Icon\"><a href=\"https:\/\/www.facebook.com\/osmiorniczkaplywanie\" target=\"_self\" data-ico-od=\"&#xe9c0;\" class=\"btIcoHolder\"><\/a><\/span><\/div><div class=\"sTxt\"><header class=\"header btClear small\" ><div class=\"dash\"><h4><span class=\"headline\">FACEBOOK<\/span><\/h4><\/div><div class=\"btSubTitle\">fb.com\/osmiorniczkaplywanie<\/div><\/header><\/div><\/div><div class=\"btClear btSeparator bottomSemiSpaced noBorder\" ><hr><\/div><div class=\"btIconImageRow\" ><span class=\"btIco btIcoDefaultType btIcoMediumSize btDefaultIcon\"><a href=\"https:\/\/www.osmiorniczka.net\/obozy\/ochronamalotelnich\/\"  target=\"no_target\" data-ico-es=\"&#xe954;\" class=\"btIcoHolder\"><span>Polityka Ochrony Ma\u0142oletnich<\/span><\/a><\/span><\/div><\/div><\/div><div class=\"rowItem col-md-6 col-sm-12 btTextLeft btHighlightBorder btMiddleVertical btDoublePadding\"  data-width=\"6\"><div class=\"rowItemContent\" ><header class=\"header btClear large\" ><div class=\"btSuperTitle\"><span>Ilo\u015b\u0107 miejsc ograniczona!<\/span><\/div><div class=\"dash\"><h2><span class=\"headline\">Formularz wst\u0119pnej rezerwacji miejsca na obozy O\u015bmiorniczki 2022<\/span><\/h2><\/div><\/header><div class=\"btText\" ><\/p>\n<div class=\"wpforms-container wpforms-container-full\" id=\"wpforms-4702\">\n<form id=\"wpforms-form-4702\" class=\"wpforms-validate wpforms-form wpforms-ajax-form\" data-formid=\"4702\" method=\"post\" enctype=\"multipart\/form-data\" action=\"\/obozy\/wp-json\/wp\/v2\/pages\/1675\" data-token=\"ad4e4a6f50a9193b81d0e97bd8085cf1\" data-token-time=\"1775139025\"><noscript class=\"wpforms-error-noscript\">Aby wype\u0142ni\u0107 ten formularz, w\u0142\u0105cz obs\u0142ug\u0119 JavaScript w przegl\u0105darce.<\/noscript><\/p>\n<div class=\"wpforms-field-container\">\n<div id=\"wpforms-4702-field_3-container\" class=\"wpforms-field wpforms-field-textarea\" data-field-id=\"3\"><label class=\"wpforms-field-label\" for=\"wpforms-4702-field_3\">Twoje zapytanie<\/label><textarea id=\"wpforms-4702-field_3\" class=\"wpforms-field-medium\" name=\"wpforms[fields][3]\" ><\/textarea><\/div>\n<div id=\"wpforms-4702-field_2-container\" class=\"wpforms-field wpforms-field-email\" data-field-id=\"2\"><label class=\"wpforms-field-label\" for=\"wpforms-4702-field_2\">Email <span class=\"wpforms-required-label\">*<\/span><\/label><input type=\"email\" id=\"wpforms-4702-field_2\" class=\"wpforms-field-medium wpforms-field-required\" name=\"wpforms[fields][2]\" spellcheck=\"false\" required><\/div>\n<div id=\"wpforms-4702-field_4-container\" class=\"wpforms-field wpforms-field-number\" data-field-id=\"4\"><label class=\"wpforms-field-label\" for=\"wpforms-4702-field_4\">Numer telefonu do kontaktu<\/label><input type=\"number\" id=\"wpforms-4702-field_4\" class=\"wpforms-field-medium\" name=\"wpforms[fields][4]\" step=\"any\" ><\/div>\n<\/div>\n<p><!-- .wpforms-field-container --><\/p>\n<div class=\"wpforms-submit-container\" ><input type=\"hidden\" name=\"wpforms[id]\" value=\"4702\"><input type=\"hidden\" name=\"page_title\" value=\"\"><input type=\"hidden\" name=\"page_url\" value=\"https:\/\/www.osmiorniczka.net\/obozy\/wp-json\/wp\/v2\/pages\/1675\"><input type=\"hidden\" name=\"url_referer\" value=\"\"><button type=\"submit\" name=\"wpforms[submit]\" id=\"wpforms-submit-4702\" class=\"wpforms-submit\" data-alt-text=\"Wysy\u0142anie\" data-submit-text=\"Wy\u015blij\" aria-live=\"assertive\" value=\"wpforms-submit\">Wy\u015blij<\/button><img loading=\"lazy\" decoding=\"async\" src=\"https:\/\/www.osmiorniczka.net\/obozy\/wp-content\/plugins\/wpforms-lite\/assets\/images\/submit-spin.svg\" class=\"wpforms-submit-spinner\" style=\"display: none;\" width=\"26\" height=\"26\" alt=\"Wczytywanie\"><\/div>\n<\/form>\n<\/div>\n<p>  <!-- .wpforms-container --><\/p>\n<p>\n<\/div><div class=\"btClear btSeparator topSemiSpaced bottomSmallSpaced noBorder\" ><hr><\/div><\/div><\/div><\/div><\/div><div class=\"boldRow \" ><div class=\"boldRowInner\"><div class=\"rowItem col-md-12 col-ms-12  btTextLeft animate animate-fadein btBottomVertical\"  data-width=\"12\"><div class=\"rowItemContent\" ><div class=\"btClear btSeparator topSpaced bottomSpaced border\" ><hr><\/div><\/div><\/div><\/div><\/div><\/div><\/div><\/div><\/section>\n","protected":false},"excerpt":{"rendered":"<p>Keeping your eye on the ball while performing a deep dive on the start-up mentality to derive convergence on cross-platform integration.<\/p>\n","protected":false},"author":2,"featured_media":2453,"parent":0,"menu_order":0,"comment_status":"closed","ping_status":"closed","template":"","meta":{"footnotes":""},"class_list":["post-1675","page","type-page","status-publish","has-post-thumbnail","hentry"],"yoast_head":"<!-- This site is optimized with the Yoast SEO plugin v26.7 - https:\/\/yoast.com\/wordpress\/plugins\/seo\/ -->\n<title>Kontakt - O\u015bmiorniczka - obozy wypoczynkowe dla dzieci i m\u0142odzie\u017c<\/title>\n<meta name=\"robots\" content=\"index, follow, max-snippet:-1, max-image-preview:large, max-video-preview:-1\" \/>\n<link rel=\"canonical\" href=\"https:\/\/www.osmiorniczka.net\/obozy\/kontakt\/\" \/>\n<meta property=\"og:locale\" content=\"pl_PL\" \/>\n<meta property=\"og:type\" content=\"article\" \/>\n<meta property=\"og:title\" content=\"Kontakt - O\u015bmiorniczka - obozy wypoczynkowe dla dzieci i m\u0142odzie\u017c\" \/>\n<meta property=\"og:description\" content=\"Keeping your eye on the ball while performing a deep dive on the start-up mentality to derive convergence on cross-platform integration.\" \/>\n<meta property=\"og:url\" content=\"https:\/\/www.osmiorniczka.net\/obozy\/kontakt\/\" \/>\n<meta property=\"og:site_name\" content=\"O\u015bmiorniczka - obozy wypoczynkowe dla dzieci i m\u0142odzie\u017c\" \/>\n<meta property=\"article:publisher\" content=\"https:\/\/www.facebook.com\/osmiorniczkaplywanie\" \/>\n<meta property=\"article:modified_time\" content=\"2025-08-04T09:39:05+00:00\" \/>\n<meta property=\"og:image\" content=\"https:\/\/www.osmiorniczka.net\/obozy\/wp-content\/uploads\/2016\/11\/Kids-club-headline-02.jpg\" \/>\n\t<meta property=\"og:image:width\" content=\"2048\" \/>\n\t<meta property=\"og:image:height\" content=\"1040\" \/>\n\t<meta property=\"og:image:type\" content=\"image\/jpeg\" \/>\n<meta name=\"twitter:card\" content=\"summary_large_image\" \/>\n<meta name=\"twitter:label1\" content=\"Szacowany czas czytania\" \/>\n\t<meta name=\"twitter:data1\" content=\"1 minuta\" \/>\n<script type=\"application\/ld+json\" class=\"yoast-schema-graph\">{\"@context\":\"https:\/\/schema.org\",\"@graph\":[{\"@type\":\"WebPage\",\"@id\":\"https:\/\/www.osmiorniczka.net\/obozy\/kontakt\/\",\"url\":\"https:\/\/www.osmiorniczka.net\/obozy\/kontakt\/\",\"name\":\"Kontakt - O\u015bmiorniczka - obozy wypoczynkowe dla dzieci i m\u0142odzie\u017c\",\"isPartOf\":{\"@id\":\"https:\/\/www.osmiorniczka.net\/obozy\/#website\"},\"primaryImageOfPage\":{\"@id\":\"https:\/\/www.osmiorniczka.net\/obozy\/kontakt\/#primaryimage\"},\"image\":{\"@id\":\"https:\/\/www.osmiorniczka.net\/obozy\/kontakt\/#primaryimage\"},\"thumbnailUrl\":\"https:\/\/www.osmiorniczka.net\/obozy\/wp-content\/uploads\/2016\/11\/Kids-club-headline-02.jpg\",\"datePublished\":\"2016-08-01T14:32:09+00:00\",\"dateModified\":\"2025-08-04T09:39:05+00:00\",\"breadcrumb\":{\"@id\":\"https:\/\/www.osmiorniczka.net\/obozy\/kontakt\/#breadcrumb\"},\"inLanguage\":\"pl-PL\",\"potentialAction\":[{\"@type\":\"ReadAction\",\"target\":[\"https:\/\/www.osmiorniczka.net\/obozy\/kontakt\/\"]}]},{\"@type\":\"ImageObject\",\"inLanguage\":\"pl-PL\",\"@id\":\"https:\/\/www.osmiorniczka.net\/obozy\/kontakt\/#primaryimage\",\"url\":\"https:\/\/www.osmiorniczka.net\/obozy\/wp-content\/uploads\/2016\/11\/Kids-club-headline-02.jpg\",\"contentUrl\":\"https:\/\/www.osmiorniczka.net\/obozy\/wp-content\/uploads\/2016\/11\/Kids-club-headline-02.jpg\",\"width\":2048,\"height\":1040},{\"@type\":\"BreadcrumbList\",\"@id\":\"https:\/\/www.osmiorniczka.net\/obozy\/kontakt\/#breadcrumb\",\"itemListElement\":[{\"@type\":\"ListItem\",\"position\":1,\"name\":\"Strona g\u0142\u00f3wna\",\"item\":\"https:\/\/www.osmiorniczka.net\/obozy\/\"},{\"@type\":\"ListItem\",\"position\":2,\"name\":\"Kontakt\"}]},{\"@type\":\"WebSite\",\"@id\":\"https:\/\/www.osmiorniczka.net\/obozy\/#website\",\"url\":\"https:\/\/www.osmiorniczka.net\/obozy\/\",\"name\":\"Obozy letnie 2021 w Polsce dla doros\u0142ych, m\u0142odzie\u017cy i dzieci - O\u015bmiorniczka\",\"description\":\"O\u015bmiorniczka - obozy wypoczynkowe dla dzieci i m\u0142odzie\u017c\",\"publisher\":{\"@id\":\"https:\/\/www.osmiorniczka.net\/obozy\/#organization\"},\"potentialAction\":[{\"@type\":\"SearchAction\",\"target\":{\"@type\":\"EntryPoint\",\"urlTemplate\":\"https:\/\/www.osmiorniczka.net\/obozy\/?s={search_term_string}\"},\"query-input\":{\"@type\":\"PropertyValueSpecification\",\"valueRequired\":true,\"valueName\":\"search_term_string\"}}],\"inLanguage\":\"pl-PL\"},{\"@type\":\"Organization\",\"@id\":\"https:\/\/www.osmiorniczka.net\/obozy\/#organization\",\"name\":\"O\u015bmiorniczka Obozy dla dzieci i doros\u0142ych\",\"url\":\"https:\/\/www.osmiorniczka.net\/obozy\/\",\"logo\":{\"@type\":\"ImageObject\",\"inLanguage\":\"pl-PL\",\"@id\":\"https:\/\/www.osmiorniczka.net\/obozy\/#\/schema\/logo\/image\/\",\"url\":\"https:\/\/www.osmiorniczka.net\/obozy\/wp-content\/uploads\/2021\/03\/Osmiercznika2-01.png\",\"contentUrl\":\"https:\/\/www.osmiorniczka.net\/obozy\/wp-content\/uploads\/2021\/03\/Osmiercznika2-01.png\",\"width\":500,\"height\":219,\"caption\":\"O\u015bmiorniczka Obozy dla dzieci i doros\u0142ych\"},\"image\":{\"@id\":\"https:\/\/www.osmiorniczka.net\/obozy\/#\/schema\/logo\/image\/\"},\"sameAs\":[\"https:\/\/www.facebook.com\/osmiorniczkaplywanie\"]}]}<\/script>\n<!-- \/ Yoast SEO plugin. -->","yoast_head_json":{"title":"Kontakt - O\u015bmiorniczka - obozy wypoczynkowe dla dzieci i m\u0142odzie\u017c","robots":{"index":"index","follow":"follow","max-snippet":"max-snippet:-1","max-image-preview":"max-image-preview:large","max-video-preview":"max-video-preview:-1"},"canonical":"https:\/\/www.osmiorniczka.net\/obozy\/kontakt\/","og_locale":"pl_PL","og_type":"article","og_title":"Kontakt - O\u015bmiorniczka - obozy wypoczynkowe dla dzieci i m\u0142odzie\u017c","og_description":"Keeping your eye on the ball while performing a deep dive on the start-up mentality to derive convergence on cross-platform integration.","og_url":"https:\/\/www.osmiorniczka.net\/obozy\/kontakt\/","og_site_name":"O\u015bmiorniczka - obozy wypoczynkowe dla dzieci i m\u0142odzie\u017c","article_publisher":"https:\/\/www.facebook.com\/osmiorniczkaplywanie","article_modified_time":"2025-08-04T09:39:05+00:00","og_image":[{"width":2048,"height":1040,"url":"https:\/\/www.osmiorniczka.net\/obozy\/wp-content\/uploads\/2016\/11\/Kids-club-headline-02.jpg","type":"image\/jpeg"}],"twitter_card":"summary_large_image","twitter_misc":{"Szacowany czas czytania":"1 minuta"},"schema":{"@context":"https:\/\/schema.org","@graph":[{"@type":"WebPage","@id":"https:\/\/www.osmiorniczka.net\/obozy\/kontakt\/","url":"https:\/\/www.osmiorniczka.net\/obozy\/kontakt\/","name":"Kontakt - O\u015bmiorniczka - obozy wypoczynkowe dla dzieci i m\u0142odzie\u017c","isPartOf":{"@id":"https:\/\/www.osmiorniczka.net\/obozy\/#website"},"primaryImageOfPage":{"@id":"https:\/\/www.osmiorniczka.net\/obozy\/kontakt\/#primaryimage"},"image":{"@id":"https:\/\/www.osmiorniczka.net\/obozy\/kontakt\/#primaryimage"},"thumbnailUrl":"https:\/\/www.osmiorniczka.net\/obozy\/wp-content\/uploads\/2016\/11\/Kids-club-headline-02.jpg","datePublished":"2016-08-01T14:32:09+00:00","dateModified":"2025-08-04T09:39:05+00:00","breadcrumb":{"@id":"https:\/\/www.osmiorniczka.net\/obozy\/kontakt\/#breadcrumb"},"inLanguage":"pl-PL","potentialAction":[{"@type":"ReadAction","target":["https:\/\/www.osmiorniczka.net\/obozy\/kontakt\/"]}]},{"@type":"ImageObject","inLanguage":"pl-PL","@id":"https:\/\/www.osmiorniczka.net\/obozy\/kontakt\/#primaryimage","url":"https:\/\/www.osmiorniczka.net\/obozy\/wp-content\/uploads\/2016\/11\/Kids-club-headline-02.jpg","contentUrl":"https:\/\/www.osmiorniczka.net\/obozy\/wp-content\/uploads\/2016\/11\/Kids-club-headline-02.jpg","width":2048,"height":1040},{"@type":"BreadcrumbList","@id":"https:\/\/www.osmiorniczka.net\/obozy\/kontakt\/#breadcrumb","itemListElement":[{"@type":"ListItem","position":1,"name":"Strona g\u0142\u00f3wna","item":"https:\/\/www.osmiorniczka.net\/obozy\/"},{"@type":"ListItem","position":2,"name":"Kontakt"}]},{"@type":"WebSite","@id":"https:\/\/www.osmiorniczka.net\/obozy\/#website","url":"https:\/\/www.osmiorniczka.net\/obozy\/","name":"Obozy letnie 2021 w Polsce dla doros\u0142ych, m\u0142odzie\u017cy i dzieci - O\u015bmiorniczka","description":"O\u015bmiorniczka - obozy wypoczynkowe dla dzieci i m\u0142odzie\u017c","publisher":{"@id":"https:\/\/www.osmiorniczka.net\/obozy\/#organization"},"potentialAction":[{"@type":"SearchAction","target":{"@type":"EntryPoint","urlTemplate":"https:\/\/www.osmiorniczka.net\/obozy\/?s={search_term_string}"},"query-input":{"@type":"PropertyValueSpecification","valueRequired":true,"valueName":"search_term_string"}}],"inLanguage":"pl-PL"},{"@type":"Organization","@id":"https:\/\/www.osmiorniczka.net\/obozy\/#organization","name":"O\u015bmiorniczka Obozy dla dzieci i doros\u0142ych","url":"https:\/\/www.osmiorniczka.net\/obozy\/","logo":{"@type":"ImageObject","inLanguage":"pl-PL","@id":"https:\/\/www.osmiorniczka.net\/obozy\/#\/schema\/logo\/image\/","url":"https:\/\/www.osmiorniczka.net\/obozy\/wp-content\/uploads\/2021\/03\/Osmiercznika2-01.png","contentUrl":"https:\/\/www.osmiorniczka.net\/obozy\/wp-content\/uploads\/2021\/03\/Osmiercznika2-01.png","width":500,"height":219,"caption":"O\u015bmiorniczka Obozy dla dzieci i doros\u0142ych"},"image":{"@id":"https:\/\/www.osmiorniczka.net\/obozy\/#\/schema\/logo\/image\/"},"sameAs":["https:\/\/www.facebook.com\/osmiorniczkaplywanie"]}]}},"_links":{"self":[{"href":"https:\/\/www.osmiorniczka.net\/obozy\/wp-json\/wp\/v2\/pages\/1675","targetHints":{"allow":["GET"]}}],"collection":[{"href":"https:\/\/www.osmiorniczka.net\/obozy\/wp-json\/wp\/v2\/pages"}],"about":[{"href":"https:\/\/www.osmiorniczka.net\/obozy\/wp-json\/wp\/v2\/types\/page"}],"author":[{"embeddable":true,"href":"https:\/\/www.osmiorniczka.net\/obozy\/wp-json\/wp\/v2\/users\/2"}],"replies":[{"embeddable":true,"href":"https:\/\/www.osmiorniczka.net\/obozy\/wp-json\/wp\/v2\/comments?post=1675"}],"version-history":[{"count":23,"href":"https:\/\/www.osmiorniczka.net\/obozy\/wp-json\/wp\/v2\/pages\/1675\/revisions"}],"predecessor-version":[{"id":4690,"href":"https:\/\/www.osmiorniczka.net\/obozy\/wp-json\/wp\/v2\/pages\/1675\/revisions\/4690"}],"wp:featuredmedia":[{"embeddable":true,"href":"https:\/\/www.osmiorniczka.net\/obozy\/wp-json\/wp\/v2\/media\/2453"}],"wp:attachment":[{"href":"https:\/\/www.osmiorniczka.net\/obozy\/wp-json\/wp\/v2\/media?parent=1675"}],"curies":[{"name":"wp","href":"https:\/\/api.w.org\/{rel}","templated":true}]}}